{"id":26,"date":"2025-03-17T05:42:05","date_gmt":"2025-03-17T08:42:05","guid":{"rendered":"https:\/\/syncgametech.com\/?page_id=26"},"modified":"2025-04-22T06:12:52","modified_gmt":"2025-04-22T09:12:52","slug":"terms-of-use","status":"publish","type":"page","link":"https:\/\/syncgametech.com\/en\/terms-of-use\/","title":{"rendered":"Terms of Use"},"content":{"rendered":"<p>By using the SyncGameTech website, available at <a href=\"https:\/\/syncgametech.com\/en\/\">https:\/\/syncgametech.com<\/a>, By clicking &quot;Accept,&quot; you agree to these terms and conditions. If you disagree with any of the terms presented, please refrain from using the website.<\/p>\n\n\n\n<h2 class=\"wp-block-heading\">Commitment to Transparency<\/h2>\n\n\n\n<p>Welcome to the section dedicated to our commitment to transparency at SyncGameTech.<\/p>\n\n\n\n<p>At SyncGameTech, we prioritize transparency and constantly strive to keep our readers informed about our practices and policies.<\/p>\n\n\n\n<h2 class=\"wp-block-heading\">Editorial Policy<\/h2>\n\n\n\n<p>Advertising: Our editorial approach is guided by the accuracy, impartiality, and relevance of the content we offer. Articles are produced based on thorough research and with the collaboration of experienced writers. We guarantee that any compensation received does not influence editorial decisions. Articles with affiliate links will be duly highlighted.<\/p>\n\n\n\n<h2 class=\"wp-block-heading\">Income Generation and Advertising<\/h2>\n\n\n\n<p>We are currently in the process of obtaining approval to use Google AdSense, which follows strict legal compliance standards. All ads on our site are clearly labeled, and any financial gain generated from ad clicks occurs in a way that does not compromise the integrity of the editorial content. We are committed to displaying only high-quality and relevant ads.<\/p>\n\n\n\n<h2 class=\"wp-block-heading\">Privacy Protection<\/h2>\n\n\n\n<p>Protecting our visitors&#039; privacy is a priority for us. We implement strict policies to ensure that the information we collect is used only to improve the user experience and is not shared or sold to third parties without explicit consent.<\/p>\n\n\n\n<h2 class=\"wp-block-heading\">Compliance with Legal Obligations<\/h2>\n\n\n\n<p>We are committed to ensuring that all content published on SyncGameTech complies with applicable laws. If you find any copyright or other violations, please contact us immediately so we can take the necessary steps to correct the issue.<\/p>\n\n\n\n<h2 class=\"wp-block-heading\">Get in Touch<\/h2>\n\n\n\n<p>If you have any questions, suggestions or any other issue related to our transparency or any other topic, please contact us using our form or send an email to <a href=\"mailto:contacto@syncgametech.com\">contacto@syncgametech.com<\/a>.<\/p>\n\n\n\n<p>We appreciate your trust and interest in our commitment to transparency at SyncGameTech.<\/p>","protected":false},"excerpt":{"rendered":"<p>Ao utilizar o site SyncGameTech, dispon\u00edvel em https:\/\/syncgametech.com, voc\u00ea aceita estes termos e condi\u00e7\u00f5es. Caso discorde de algum dos termos apresentados, por favor, abstenha-se de usar o site. Compromisso com a Transpar\u00eancia Seja bem-vindo \u00e0 se\u00e7\u00e3o dedicada ao nosso compromisso com a transpar\u00eancia na SyncGameTech. Na SyncGameTech, priorizamos a transpar\u00eancia &#8230; <a title=\"Terms of Use\" class=\"read-more\" href=\"https:\/\/syncgametech.com\/en\/terms-of-use\/\" aria-label=\"Read more about Termos de Uso\">Read more<\/a><\/p>","protected":false},"author":1,"featured_media":0,"parent":0,"menu_order":0,"comment_status":"closed","ping_status":"closed","template":"","meta":{"_acf_changed":false,"footnotes":""},"class_list":["post-26","page","type-page","status-publish"],"acf":[],"_links":{"self":[{"href":"https:\/\/syncgametech.com\/en\/wp-json\/wp\/v2\/pages\/26","targetHints":{"allow":["GET"]}}],"collection":[{"href":"https:\/\/syncgametech.com\/en\/wp-json\/wp\/v2\/pages"}],"about":[{"href":"https:\/\/syncgametech.com\/en\/wp-json\/wp\/v2\/types\/page"}],"author":[{"embeddable":true,"href":"https:\/\/syncgametech.com\/en\/wp-json\/wp\/v2\/users\/1"}],"replies":[{"embeddable":true,"href":"https:\/\/syncgametech.com\/en\/wp-json\/wp\/v2\/comments?post=26"}],"version-history":[{"count":2,"href":"https:\/\/syncgametech.com\/en\/wp-json\/wp\/v2\/pages\/26\/revisions"}],"predecessor-version":[{"id":426,"href":"https:\/\/syncgametech.com\/en\/wp-json\/wp\/v2\/pages\/26\/revisions\/426"}],"wp:attachment":[{"href":"https:\/\/syncgametech.com\/en\/wp-json\/wp\/v2\/media?parent=26"}],"curies":[{"name":"wp","href":"https:\/\/api.w.org\/{rel}","templated":true}]}}